{"id":2307,"date":"2023-07-04T10:52:15","date_gmt":"2021-03-05T17:38:57","guid":{"rendered":""},"modified":"2023-07-04T12:49:45","modified_gmt":"2023-07-04T12:49:45","slug":"contact-us","status":"publish","type":"page","link":"https:\/\/www.hoteltalisman.ro\/?page_id=2307","title":{"rendered":""},"content":{"rendered":"\n<div class=\"wp-block-columns alignfull are-vertically-aligned-center is-layout-flex wp-container-5\">\n<div class=\"wp-block-column is-vertically-aligned-center is-layout-flow\">\n<div class=\"wp-block-buttons is-horizontal is-content-justification-center is-layout-flex wp-container-1\">\n<div class=\"wp-block-button\"><a class=\"wp-block-button__link has-white-color has-yellow-background-color has-text-color has-background wp-element-button\" href=\"#\">Learn More About Our Features<\/a><\/div>\n<\/div>\n<\/div>\n\n\n\n<div class=\"wp-block-column is-vertically-aligned-center is-layout-flow\">\n<div class=\"wp-block-buttons is-horizontal is-content-justification-center is-layout-flex wp-container-3\">\n<div class=\"wp-block-button\"><a class=\"wp-block-button__link has-white-color has-yellow-background-color has-text-color has-background wp-element-button\" href=\"#\">View Our Support Documentation<\/a><\/div>\n<\/div>\n<\/div>\n<\/div>\n\n\n\n<h1 class=\"wp-block-heading alignfull has-text-align-center\" id=\"h-talk-to-a-human\">Contact Hotel Talisman Costinesti:<\/h1>\n\n\n\n<p class=\"has-text-align-center has-foreground-color has-text-color\"><\/p>\n\n\n\n<p class=\"has-text-align-center\"><strong>Adresa: str. Delfinului Nr 21. Costinesti Romania 907090 <\/strong><\/p>\n\n\n\n<p class=\"has-text-align-center\">Email : hoteltalismancostinesti@gmail.com Telefon :0733969067<\/p>\n\n\n\n<p class=\"has-text-align-center\">TALISMAN TOUR YOUNG SRL, CUI 36254654<br>IBAN RO11PIRB140477190400100<\/p>\n\n\n\n<p class=\"has-text-align-center\"><strong>Check-in &#8211;ora14 Check-out&#8211;ora11<br><\/strong><\/p>\n\n\n\n<p>Ne-am str\u0103duit \u00eentotdeauna s\u0103 v\u0103 oferim cea mai bun\u0103 experien\u021b\u0103 posibil\u0103 \u00een cadrul hotelului nostru din Costine\u0219ti. Suntem dedica\u021bi satisfac\u021biei dumneavoastr\u0103 deplin\u0103 \u0219i am dori s\u0103 v\u0103 rug\u0103m s\u0103 ne \u00eemp\u0103rt\u0103\u0219i\u021bi g\u00e2ndurile \u0219i feedback-ul despre \u0219ederea dumneavoastr\u0103.<\/p>\n\n\n\n<p>Fie c\u0103 a\u021bi avut o experien\u021b\u0103 memorabil\u0103 sau exist\u0103 aspecte pe care le putem \u00eembun\u0103t\u0103\u021bi, apreciem fiecare opinie. Feedback-ul dumneavoastr\u0103 ne va ajuta s\u0103 ne perfec\u021bion\u0103m serviciile \u0219i s\u0103 asigur\u0103m c\u0103 oferim tot ce este mai bun pentru oaspe\u021bii no\u0219tri.<\/p>\n\n\n\n<p>V\u0103 \u00eencuraj\u0103m s\u0103 ne l\u0103sa\u021bi un mesaj prin intermediul formularului nostru de feedback sau s\u0103 ne contacta\u021bi direct. Opiniile dumneavoastr\u0103 sunt valoroase pentru noi \u0219i ne vom asigura c\u0103 fiecare cuv\u00e2nt este luat \u00een considerare.<\/p>\n\n\n\n<p>V\u0103 mul\u021bumim pentru c\u0103 a\u021bi ales hotelul nostru din Costine\u0219ti \u0219i pentru c\u0103 ne acorda\u021bi oportunitatea de a v\u0103 servi. A\u0219tept\u0103m cu ner\u0103bdare s\u0103 auzim de la dumneavoastr\u0103 \u0219i s\u0103 ne asigur\u0103m c\u0103 fiecare aspect al sejurului dumneavoastr\u0103 este deplin satisf\u0103c\u0103tor.<\/p>\n\n\n\n<p class=\"has-text-align-right\">Cu sinceritate, Echipa Hotel Talisman din Costine\u0219ti<\/p>\n\n\n\n<p class=\"has-text-align-center\"><\/p>\n\n\n\n<p><\/p>\n","protected":false},"excerpt":{"rendered":"<p>Contact Hotel Talisman Costinesti: Adresa: str. Delfinului Nr 21. Costinesti Romania 907090 Email : hoteltalismancostinesti@gmail.com Telefon :0733969067 TALISMAN TOUR YOUNG SRL, CUI 36254654IBAN RO11PIRB140477190400100 Check-in &#8211;ora14 Check-out&#8211;ora11 Ne-am str\u0103duit \u00eentotdeauna s\u0103 v\u0103 oferim cea mai bun\u0103 experien\u021b\u0103 posibil\u0103 \u00een cadrul hotelului nostru din Costine\u0219ti. Suntem dedica\u021bi satisfac\u021biei dumneavoastr\u0103 deplin\u0103 \u0219i am dori s\u0103 v\u0103 rug\u0103m [&hellip;]<\/p>\n","protected":false},"author":1,"featured_media":0,"parent":0,"menu_order":0,"comment_status":"closed","ping_status":"closed","template":"","meta":[],"_links":{"self":[{"href":"https:\/\/www.hoteltalisman.ro\/index.php?rest_route=\/wp\/v2\/pages\/2307"}],"collection":[{"href":"https:\/\/www.hoteltalisman.ro\/index.php?rest_route=\/wp\/v2\/pages"}],"about":[{"href":"https:\/\/www.hoteltalisman.ro\/index.php?rest_route=\/wp\/v2\/types\/page"}],"author":[{"embeddable":true,"href":"https:\/\/www.hoteltalisman.ro\/index.php?rest_route=\/wp\/v2\/users\/1"}],"replies":[{"embeddable":true,"href":"https:\/\/www.hoteltalisman.ro\/index.php?rest_route=%2Fwp%2Fv2%2Fcomments&post=2307"}],"version-history":[{"count":11,"href":"https:\/\/www.hoteltalisman.ro\/index.php?rest_route=\/wp\/v2\/pages\/2307\/revisions"}],"predecessor-version":[{"id":2642,"href":"https:\/\/www.hoteltalisman.ro\/index.php?rest_route=\/wp\/v2\/pages\/2307\/revisions\/2642"}],"wp:attachment":[{"href":"https:\/\/www.hoteltalisman.ro\/index.php?rest_route=%2Fwp%2Fv2%2Fmedia&parent=2307"}],"curies":[{"name":"wp","href":"https:\/\/api.w.org\/{rel}","templated":true}]}}