{"id":26,"date":"2018-07-31T13:51:16","date_gmt":"2018-07-31T13:51:16","guid":{"rendered":"https:\/\/www.hoteltalisman.ro\/?page_id=26"},"modified":"2023-07-04T13:41:10","modified_gmt":"2023-07-04T13:41:10","slug":"camere","status":"publish","type":"page","link":"https:\/\/www.hoteltalisman.ro\/?page_id=26","title":{"rendered":""},"content":{"rendered":"<div class=\"property_description_drawer__title\">\n<div class=\"bui-title bui-title--display-one\">\n<h1 class=\"wp-block wp-block-post-title block-editor-block-list__block editor-post-title editor-post-title__input rich-text is-selected\" role=\"textbox\" contenteditable=\"true\" aria-label=\"Adaug\u0103 titlu\" aria-multiline=\"true\">Hotel Talisman Costinesti<\/h1>\n<\/div>\n<\/div>\n<div class=\"property_description_drawer__content\">\n<div id=\"hotel-desc-full\">\n<div class=\"bui-spacer--larger\">\n<p>Situat \u00een Costine\u0219ti, la 700m de centru si parcul de disctratii , mai pu\u021bin de 1 km de Epava din Costine\u0219ti\u00a0 , Hotel Talisman ofer\u0103 cazare cu lounge comun \u0219i WiFi gratuit, precum \u0219i parcare privat\u0103 gratuit\u0103 pentru oaspe\u021bii care conduc.<\/p>\n<p>Proprietatea are camere de familie \u0219i teras\u0103. Oaspe\u021bii beneficiaz\u0103 de buc\u0103t\u0103rie comun\u0103 \u0219i un spa\u021biu pentru depozitarea de bagaje.<\/p>\n<p>Camerele din hotel sunt prev\u0103zute cu mobilier nou, televizor, frigider, par\u021bial aer conditionat, baie privata .\u00a0<\/p>\n<p>Cel mai apropiat aeroport este Aeroportul Interna\u021bional Mihail Kog\u0103lniceanu, situat la 57 km de Hotel Talisman.<\/p>\n<p>ACCEPTAM TICHETE SI CARDURI DE VACANTA! EMITEM FACTURA PENTRU DECONTARE!<\/p>\n<p>Hotel Talisman este situat\u0103 \u00een mijlocul sta\u0163iunii Costine\u015fti, pe str. Delfinului Nr 21, la 3 minute de mers pe jos p\u00e2n\u0103 la plaj\u0103.<\/p>\n<p>Cu o capacitate de 16 spatii de cazare, pensiunea va ofera cazare \u00een camere de 2,3 si 4 persoane si 1 apartament de 5 persoane. Camerele au balcon, cu exceptia camerelor de la parter, bai proprii, televizor, frigider, partial aer conditionat, internet.<\/p>\n<p>Pensiunea dispune de :<br \/>-bucatarie utilata , sala de mese in interior<br \/>-terasa cu gratar, foisor<br \/>-supraveghere video<br \/>-parcare proprie<\/p>\n<p>Beneficiaza de reducere de pret, turistii care opteaza pentru parter si cei care au un sejur de min. 5 nopti.<\/p>\n<p>*Pentru rezervare se achita un avans &#8211; contravaloarea unei nopti de cazare.<\/p>\n<p>*Aer conditionat contracost &#8211; 20 lei\/zi<\/p>\n<p>Facilitati :<br \/>\u2022 accept\u0103 animale de companie<br \/>\u2022 acces pers. cu dizabilit\u0103\u021bi<br \/>\u2022 cutie de valori<br \/>\u2022 internet prin cablu<br \/>\u2022 internet wireless<br \/>\u2022 plata cu cardul<br \/>\u2022 seif la recep\u021bie<\/p>\n<p>Check-in &#8211;ora14 Check-out&#8211;ora11<\/p>\n<p>\u00a0<\/p>\n<\/div>\n<\/div>\n<\/div>\n\n\n<figure class=\"wp-block-image size-full\"><img decoding=\"async\" loading=\"lazy\" width=\"417\" height=\"630\" src=\"https:\/\/www.hoteltalisman.ro\/wp-content\/uploads\/2023\/07\/8.png\" alt=\"\" class=\"wp-image-2572\" srcset=\"https:\/\/www.hoteltalisman.ro\/wp-content\/uploads\/2023\/07\/8.png 417w, https:\/\/www.hoteltalisman.ro\/wp-content\/uploads\/2023\/07\/8-199x300.png 199w\" sizes=\"(max-width: 417px) 100vw, 417px\" \/><\/figure>\n","protected":false},"excerpt":{"rendered":"<p>Hotel Talisman Costinesti Situat \u00een Costine\u0219ti, la 700m de centru si parcul de disctratii , mai pu\u021bin de 1 km de Epava din Costine\u0219ti\u00a0 , Hotel Talisman ofer\u0103 cazare cu lounge comun \u0219i WiFi gratuit, precum \u0219i parcare privat\u0103 gratuit\u0103 pentru oaspe\u021bii care conduc. Proprietatea are camere de familie \u0219i teras\u0103. Oaspe\u021bii beneficiaz\u0103 de buc\u0103t\u0103rie [&hellip;]<\/p>\n","protected":false},"author":1,"featured_media":0,"parent":0,"menu_order":0,"comment_status":"closed","ping_status":"closed","template":"","meta":[],"_links":{"self":[{"href":"https:\/\/www.hoteltalisman.ro\/index.php?rest_route=\/wp\/v2\/pages\/26"}],"collection":[{"href":"https:\/\/www.hoteltalisman.ro\/index.php?rest_route=\/wp\/v2\/pages"}],"about":[{"href":"https:\/\/www.hoteltalisman.ro\/index.php?rest_route=\/wp\/v2\/types\/page"}],"author":[{"embeddable":true,"href":"https:\/\/www.hoteltalisman.ro\/index.php?rest_route=\/wp\/v2\/users\/1"}],"replies":[{"embeddable":true,"href":"https:\/\/www.hoteltalisman.ro\/index.php?rest_route=%2Fwp%2Fv2%2Fcomments&post=26"}],"version-history":[{"count":14,"href":"https:\/\/www.hoteltalisman.ro\/index.php?rest_route=\/wp\/v2\/pages\/26\/revisions"}],"predecessor-version":[{"id":2651,"href":"https:\/\/www.hoteltalisman.ro\/index.php?rest_route=\/wp\/v2\/pages\/26\/revisions\/2651"}],"wp:attachment":[{"href":"https:\/\/www.hoteltalisman.ro\/index.php?rest_route=%2Fwp%2Fv2%2Fmedia&parent=26"}],"curies":[{"name":"wp","href":"https:\/\/api.w.org\/{rel}","templated":true}]}}